{"id":728,"date":"2017-06-02T03:51:47","date_gmt":"2017-06-02T03:51:47","guid":{"rendered":"http:\/\/demo.archiwp.com\/index-masonry-black\/?page_id=728"},"modified":"2023-01-05T03:42:37","modified_gmt":"2023-01-05T03:42:37","slug":"servicios","status":"publish","type":"page","link":"https:\/\/fl.com.bo\/index.php\/servicios\/","title":{"rendered":"Servicios"},"content":{"rendered":"<p>[vc_row css=&#8221;.vc_custom_1496375567126{padding-top: 90px !important;padding-bottom: 60px !important;}&#8221;][vc_column]<!-- Element: OT Services Grid -->\n<div class=\"services-masonry service-grid row\">\n\t<div class=\"col-md-3 item-service-grid-sizer\"><\/div>\n\t\n\t<div class=\"col-md-3 item\">\n\t\t\n\t\t\t\t\t\n\t\t\t\t\n\t\t\t\t\t        <a href=\"https:\/\/fl.com.bo\/index.php\/service\/tecnologia-y-startups\/\"><img width=\"1920\" height=\"1100\" src=\"https:\/\/fl.com.bo\/wp-content\/uploads\/2015\/07\/AreaPractica_Tecnolgia.jpg\" class=\"img-responsive wp-post-image\" alt=\"\" loading=\"lazy\" srcset=\"https:\/\/fl.com.bo\/wp-content\/uploads\/2015\/07\/AreaPractica_Tecnolgia.jpg 1920w, https:\/\/fl.com.bo\/wp-content\/uploads\/2015\/07\/AreaPractica_Tecnolgia-300x172.jpg 300w, https:\/\/fl.com.bo\/wp-content\/uploads\/2015\/07\/AreaPractica_Tecnolgia-1024x587.jpg 1024w, https:\/\/fl.com.bo\/wp-content\/uploads\/2015\/07\/AreaPractica_Tecnolgia-768x440.jpg 768w, https:\/\/fl.com.bo\/wp-content\/uploads\/2015\/07\/AreaPractica_Tecnolgia-1536x880.jpg 1536w\" sizes=\"(max-width: 1920px) 100vw, 1920px\" title=\"AreaPractica_Tecnolgia\" \/><\/a>\n\t\t        <div class=\"spacer-single\"><\/div>\n\t\t\t   \n\t\t\t<h3><a href=\"https:\/\/fl.com.bo\/index.php\/service\/tecnologia-y-startups\/\">Tecnolog\u00eda y Startups<\/a><\/h3>\n\t\t\t<div class=\"service-excerpt\"><p>Creemos que es tiempo de las STARTUPS, es por ello que brindamos asesoramiento desde su constituci\u00f3n, fundaci\u00f3n y desarrollo de una sociedad, con la finalidad de llegar a los inversionistas o Business Angels y as\u00ed dar un crecimiento exponencial al emprendimiento.<\/p>\n<\/div>\t\t\t\n\t\t\t\t\t\t\t<div class=\"spacer-single-10\"><\/div>\t\t\t\t\t\t\t\t\n\t\t\t\t<a href=\"https:\/\/fl.com.bo\/index.php\/service\/tecnologia-y-startups\/\" class=\"btn-line btn-fullwidth\">Leer M\u00e1s<\/a>\n\t\t\t\n\t\t\n\t<\/div>\n\n\t\n\t<div class=\"col-md-3 item\">\n\t\t\n\t\t\t\t\t\n\t\t\t\t\n\t\t\t\t\t        <a href=\"https:\/\/fl.com.bo\/index.php\/service\/derecho-comercial\/\"><img width=\"1920\" height=\"1100\" src=\"https:\/\/fl.com.bo\/wp-content\/uploads\/2015\/07\/AreaPractica_DerechoComercial.jpg\" class=\"img-responsive wp-post-image\" alt=\"\" loading=\"lazy\" srcset=\"https:\/\/fl.com.bo\/wp-content\/uploads\/2015\/07\/AreaPractica_DerechoComercial.jpg 1920w, https:\/\/fl.com.bo\/wp-content\/uploads\/2015\/07\/AreaPractica_DerechoComercial-300x172.jpg 300w, https:\/\/fl.com.bo\/wp-content\/uploads\/2015\/07\/AreaPractica_DerechoComercial-1024x587.jpg 1024w, https:\/\/fl.com.bo\/wp-content\/uploads\/2015\/07\/AreaPractica_DerechoComercial-768x440.jpg 768w, https:\/\/fl.com.bo\/wp-content\/uploads\/2015\/07\/AreaPractica_DerechoComercial-1536x880.jpg 1536w\" sizes=\"(max-width: 1920px) 100vw, 1920px\" title=\"AreaPractica_DerechoComercial\" \/><\/a>\n\t\t        <div class=\"spacer-single\"><\/div>\n\t\t\t   \n\t\t\t<h3><a href=\"https:\/\/fl.com.bo\/index.php\/service\/derecho-comercial\/\">Derecho Comercial<\/a><\/h3>\n\t\t\t<div class=\"service-excerpt\"><p>Asesoramos en la negociaci\u00f3n, elaboraci\u00f3n, revisi\u00f3n y estructuraci\u00f3n de cualquier tipo de contratos, convenios o documentos legales. Asimismo, asesoramos a nuestros clientes en licitaciones tanto p\u00fablicas como privadas en las cuales decidan participar.<\/p>\n<\/div>\t\t\t\n\t\t\t\t\t\t\t<div class=\"spacer-single-10\"><\/div>\t\t\t\t\t\t\t\t\n\t\t\t\t<a href=\"https:\/\/fl.com.bo\/index.php\/service\/derecho-comercial\/\" class=\"btn-line btn-fullwidth\">Leer M\u00e1s<\/a>\n\t\t\t\n\t\t\n\t<\/div>\n\n\t\n\t<div class=\"col-md-3 item\">\n\t\t\n\t\t\t\t\t\n\t\t\t\t\n\t\t\t\t\t        <a href=\"https:\/\/fl.com.bo\/index.php\/service\/propiedad-intelectual\/\"><img width=\"1920\" height=\"1100\" src=\"https:\/\/fl.com.bo\/wp-content\/uploads\/2015\/07\/AreaPractica_PropiedadIntelectual.jpg\" class=\"img-responsive wp-post-image\" alt=\"\" loading=\"lazy\" srcset=\"https:\/\/fl.com.bo\/wp-content\/uploads\/2015\/07\/AreaPractica_PropiedadIntelectual.jpg 1920w, https:\/\/fl.com.bo\/wp-content\/uploads\/2015\/07\/AreaPractica_PropiedadIntelectual-300x172.jpg 300w, https:\/\/fl.com.bo\/wp-content\/uploads\/2015\/07\/AreaPractica_PropiedadIntelectual-1024x587.jpg 1024w, https:\/\/fl.com.bo\/wp-content\/uploads\/2015\/07\/AreaPractica_PropiedadIntelectual-768x440.jpg 768w, https:\/\/fl.com.bo\/wp-content\/uploads\/2015\/07\/AreaPractica_PropiedadIntelectual-1536x880.jpg 1536w\" sizes=\"(max-width: 1920px) 100vw, 1920px\" title=\"AreaPractica_PropiedadIntelectual\" \/><\/a>\n\t\t        <div class=\"spacer-single\"><\/div>\n\t\t\t   \n\t\t\t<h3><a href=\"https:\/\/fl.com.bo\/index.php\/service\/propiedad-intelectual\/\">Propiedad Intelectual<\/a><\/h3>\n\t\t\t<div class=\"service-excerpt\"><p>La MARCA puede ser su nombre, t\u00e9rmino, signo, dise\u00f1o, s\u00edmbolo o combinaci\u00f3n de estos que se le asigna a un producto, servicio o empresa para poder identificarlo y diferenciarlo de los productos de los competidores.<\/p>\n<\/div>\t\t\t\n\t\t\t\t\t\t\t<div class=\"spacer-single-10\"><\/div>\t\t\t\t\t\t\t\t\n\t\t\t\t<a href=\"https:\/\/fl.com.bo\/index.php\/service\/propiedad-intelectual\/\" class=\"btn-line btn-fullwidth\">Leer M\u00e1s<\/a>\n\t\t\t\n\t\t\n\t<\/div>\n\n\t\n\t<div class=\"col-md-3 item\">\n\t\t\n\t\t\t\t\t\n\t\t\t\t\n\t\t\t\t\t        <a href=\"https:\/\/fl.com.bo\/index.php\/service\/derecho-corporativo\/\"><img width=\"1920\" height=\"1100\" src=\"https:\/\/fl.com.bo\/wp-content\/uploads\/2015\/07\/AreaPractica_DerechoCorporativo.jpg\" class=\"img-responsive wp-post-image\" alt=\"\" loading=\"lazy\" srcset=\"https:\/\/fl.com.bo\/wp-content\/uploads\/2015\/07\/AreaPractica_DerechoCorporativo.jpg 1920w, https:\/\/fl.com.bo\/wp-content\/uploads\/2015\/07\/AreaPractica_DerechoCorporativo-300x172.jpg 300w, https:\/\/fl.com.bo\/wp-content\/uploads\/2015\/07\/AreaPractica_DerechoCorporativo-1024x587.jpg 1024w, https:\/\/fl.com.bo\/wp-content\/uploads\/2015\/07\/AreaPractica_DerechoCorporativo-768x440.jpg 768w, https:\/\/fl.com.bo\/wp-content\/uploads\/2015\/07\/AreaPractica_DerechoCorporativo-1536x880.jpg 1536w\" sizes=\"(max-width: 1920px) 100vw, 1920px\" title=\"AreaPractica_DerechoCorporativo\" \/><\/a>\n\t\t        <div class=\"spacer-single\"><\/div>\n\t\t\t   \n\t\t\t<h3><a href=\"https:\/\/fl.com.bo\/index.php\/service\/derecho-corporativo\/\">Derecho Corporativo<\/a><\/h3>\n\t\t\t<div class=\"service-excerpt\"><p>Brindamos el apoyo legal a empresas nacionales y extranjeras en todo lo relacionado con la constituci\u00f3n, funcionamiento e inclusive Disoluci\u00f3n y Liquidaci\u00f3n de cualquier clase en empresa bajo ley boliviana.<br \/>\nColaboramos con la materializaci\u00f3n del \u201cBuen Gobierno Corporativo\u201d de las sociedades de nuestros clientes en su constituci\u00f3n o su modificaci\u00f3n respectivamente.<\/p>\n<\/div>\t\t\t\n\t\t\t\t\t\t\t<div class=\"spacer-single-10\"><\/div>\t\t\t\t\t\t\t\t\n\t\t\t\t<a href=\"https:\/\/fl.com.bo\/index.php\/service\/derecho-corporativo\/\" class=\"btn-line btn-fullwidth\">Leer M\u00e1s<\/a>\n\t\t\t\n\t\t\n\t<\/div>\n\n\t\n\t<div class=\"col-md-3 item\">\n\t\t\n\t\t\t\t\t\n\t\t\t\t\n\t\t\t\t\t        <a href=\"https:\/\/fl.com.bo\/index.php\/service\/derecho-laboral\/\"><img width=\"1920\" height=\"1100\" src=\"https:\/\/fl.com.bo\/wp-content\/uploads\/2015\/07\/AreaPractica_DerechoLaboral.jpg\" class=\"img-responsive wp-post-image\" alt=\"\" loading=\"lazy\" srcset=\"https:\/\/fl.com.bo\/wp-content\/uploads\/2015\/07\/AreaPractica_DerechoLaboral.jpg 1920w, https:\/\/fl.com.bo\/wp-content\/uploads\/2015\/07\/AreaPractica_DerechoLaboral-300x172.jpg 300w, https:\/\/fl.com.bo\/wp-content\/uploads\/2015\/07\/AreaPractica_DerechoLaboral-1024x587.jpg 1024w, https:\/\/fl.com.bo\/wp-content\/uploads\/2015\/07\/AreaPractica_DerechoLaboral-768x440.jpg 768w, https:\/\/fl.com.bo\/wp-content\/uploads\/2015\/07\/AreaPractica_DerechoLaboral-1536x880.jpg 1536w\" sizes=\"(max-width: 1920px) 100vw, 1920px\" title=\"AreaPractica_DerechoLaboral\" \/><\/a>\n\t\t        <div class=\"spacer-single\"><\/div>\n\t\t\t   \n\t\t\t<h3><a href=\"https:\/\/fl.com.bo\/index.php\/service\/derecho-laboral\/\">Derecho Laboral<\/a><\/h3>\n\t\t\t<div class=\"service-excerpt\"><p>Consideramos b\u00e1sico ofrecer a nuestros clientes la asesor\u00eda necesaria en materia laboral, seguridad social, esquemas de compensaci\u00f3n, visas de trabajo e inmigraci\u00f3n para que se puedan desarrollar adecuadamente sus actividades empresariales.<\/p>\n<\/div>\t\t\t\n\t\t\t\t\t\t\t<div class=\"spacer-single-10\"><\/div>\t\t\t\t\t\t\t\t\n\t\t\t\t<a href=\"https:\/\/fl.com.bo\/index.php\/service\/derecho-laboral\/\" class=\"btn-line btn-fullwidth\">Leer M\u00e1s<\/a>\n\t\t\t\n\t\t\n\t<\/div>\n\n\t\n\t<div class=\"col-md-3 item\">\n\t\t\n\t\t\t\t\t\n\t\t\t\t\n\t\t\t\t\t        <a href=\"https:\/\/fl.com.bo\/index.php\/service\/sociedades-exterior\/\"><img width=\"1920\" height=\"1100\" src=\"https:\/\/fl.com.bo\/wp-content\/uploads\/2015\/07\/AreaPractica_SociedadesExterior.jpg\" class=\"img-responsive wp-post-image\" alt=\"\" loading=\"lazy\" srcset=\"https:\/\/fl.com.bo\/wp-content\/uploads\/2015\/07\/AreaPractica_SociedadesExterior.jpg 1920w, https:\/\/fl.com.bo\/wp-content\/uploads\/2015\/07\/AreaPractica_SociedadesExterior-300x172.jpg 300w, https:\/\/fl.com.bo\/wp-content\/uploads\/2015\/07\/AreaPractica_SociedadesExterior-1024x587.jpg 1024w, https:\/\/fl.com.bo\/wp-content\/uploads\/2015\/07\/AreaPractica_SociedadesExterior-768x440.jpg 768w, https:\/\/fl.com.bo\/wp-content\/uploads\/2015\/07\/AreaPractica_SociedadesExterior-1536x880.jpg 1536w\" sizes=\"(max-width: 1920px) 100vw, 1920px\" title=\"AreaPractica_SociedadesExterior\" \/><\/a>\n\t\t        <div class=\"spacer-single\"><\/div>\n\t\t\t   \n\t\t\t<h3><a href=\"https:\/\/fl.com.bo\/index.php\/service\/sociedades-exterior\/\">Constituci\u00f3n de Sociedades en el Exterior<\/a><\/h3>\n\t\t\t<div class=\"service-excerpt\"><p>Trabajamos con abogados y contadores de buen prestigio en Asunci\u00f3n\/Paraguay y en la Florida\/Estados Unidos, con la finalidad de coadyuvar a nuestros clientes a iniciar la constituci\u00f3n de nuevas Sociedades\/Compa\u00f1ias.<\/p>\n<\/div>\t\t\t\n\t\t\t\t\t\t\t<div class=\"spacer-single-10\"><\/div>\t\t\t\t\t\t\t\t\n\t\t\t\t<a href=\"https:\/\/fl.com.bo\/index.php\/service\/sociedades-exterior\/\" class=\"btn-line btn-fullwidth\">Leer M\u00e1s<\/a>\n\t\t\t\n\t\t\n\t<\/div>\n\n\t\t\n<\/div>\t\n\n[\/vc_column][\/vc_row]<\/p>\n","protected":false},"excerpt":{"rendered":"<p>[vc_row css=&#8221;.vc_custom_1496375567126{padding-top: 90px !important;padding-bottom: 60px !important;}&#8221;][vc_column][\/vc_column][\/vc_row]<\/p>\n","protected":false},"author":1,"featured_media":0,"parent":0,"menu_order":0,"comment_status":"closed","ping_status":"closed","template":"page-templates\/template-fullwidth.php","meta":[],"_links":{"self":[{"href":"https:\/\/fl.com.bo\/index.php\/wp-json\/wp\/v2\/pages\/728"}],"collection":[{"href":"https:\/\/fl.com.bo\/index.php\/wp-json\/wp\/v2\/pages"}],"about":[{"href":"https:\/\/fl.com.bo\/index.php\/wp-json\/wp\/v2\/types\/page"}],"author":[{"embeddable":true,"href":"https:\/\/fl.com.bo\/index.php\/wp-json\/wp\/v2\/users\/1"}],"replies":[{"embeddable":true,"href":"https:\/\/fl.com.bo\/index.php\/wp-json\/wp\/v2\/comments?post=728"}],"version-history":[{"count":7,"href":"https:\/\/fl.com.bo\/index.php\/wp-json\/wp\/v2\/pages\/728\/revisions"}],"predecessor-version":[{"id":969,"href":"https:\/\/fl.com.bo\/index.php\/wp-json\/wp\/v2\/pages\/728\/revisions\/969"}],"wp:attachment":[{"href":"https:\/\/fl.com.bo\/index.php\/wp-json\/wp\/v2\/media?parent=728"}],"curies":[{"name":"wp","href":"https:\/\/api.w.org\/{rel}","templated":true}]}}