{"id":732,"date":"2017-06-02T03:55:48","date_gmt":"2017-06-02T03:55:48","guid":{"rendered":"http:\/\/demo.archiwp.com\/index-masonry-black\/?page_id=732"},"modified":"2023-01-05T04:11:28","modified_gmt":"2023-01-05T04:11:28","slug":"nosotros","status":"publish","type":"page","link":"https:\/\/fl.com.bo\/index.php\/nosotros\/","title":{"rendered":"Nosotros"},"content":{"rendered":"<p>[vc_row fullwidth=&#8221;yes&#8221; css=&#8221;.vc_custom_1474447060420{background-position: 0 0 !important;background-repeat: no-repeat !important;}&#8221; el_class=&#8221;side-bg no-padding&#8221;][vc_column]\t<!-- Element: OT Quick Office -->\n\t<div class=\"side-bg\">\n\n\t\t<div class=\"image-container hidden-xs pull-left col-md-5\" style=\"background-image:url(https:\/\/fl.com.bo\/wp-content\/uploads\/2023\/01\/Foto_Mauricio_Flores2.jpeg-scaled.jpg); ?>\" data-delay=\"0\"><\/div>\n\n\t\t<!-- Added this code in 26\/03\/2019 -->\n\t\t<img class=\"visible-xs img-responsive\" src=\"https:\/\/fl.com.bo\/wp-content\/uploads\/2023\/01\/Foto_Mauricio_Flores2.jpeg-scaled.jpg\" \/>\n\n        <div class=\"container\">\n            <div class=\"row\">\n                <div class=\"inner-padding\">\n                    <div class=\"col-md-6 col-md-offset-6 wow fadeInRight\" data-wow-delay=\".2s\">\n                        <h2>Profesionales Altamente Capacitados<\/h2><br\/>\n                        <strong class=\"intro\">Somos una firma de abogados innovadora y creativa brindando servicios legales integrales de la m\u00e1s alta calidad profesional.<\/strong><\/p>\n<p>Nuestro equipo de profesionales jur\u00eddicos se distingue por su profesionalismo y por aportar un toque personal a su trato con los clientes, adem\u00e1s de dar siempre la atenci\u00f3n que cada caso amerita.<\/p>\n<p>Nuestros Objetivos son:<\/p>\n<ul>\n<li>Lograr eficacia, eficiencia y transparencia en los servicios que se brinda.<\/li>\n<li>Que, el sistema de asesor\u00eda resulte de la mejor calidad en beneficio del cliente.<\/li>\n<li>Superar los problemas que pudieren tener los clientes.<\/li>\n<\/ul>\n<p>                    <\/div>\n                    <div class=\"clearfix\"><\/div>\n                <\/div>\n            <\/div>\n        <\/div>\n\t<\/div>\n\n[\/vc_column][\/vc_row][vc_row disable_element=&#8221;yes&#8221; css=&#8221;.vc_custom_1672463313150{padding-top: 90px !important;padding-bottom: 90px !important;background-color: #111111 !important;}&#8221;][vc_column animate=&#8221;fadeinup&#8221; el_class=&#8221;container-4&#8243;]\n\t<!-- Element: OT Our Team --> \t \n    <!-- team member -->\n    <div class=\"de-team-list team-box wow fadeInUp\">\n    \t\t        <div class=\"team-pic\">\n\t        \t<img width=\"400\" height=\"400\" src=\"https:\/\/fl.com.bo\/wp-content\/uploads\/2017\/06\/team_pic_1.jpg\" class=\"img-responsive\" alt=\"\" loading=\"lazy\" srcset=\"https:\/\/fl.com.bo\/wp-content\/uploads\/2017\/06\/team_pic_1.jpg 400w, https:\/\/fl.com.bo\/wp-content\/uploads\/2017\/06\/team_pic_1-300x300.jpg 300w, https:\/\/fl.com.bo\/wp-content\/uploads\/2017\/06\/team_pic_1-150x150.jpg 150w\" sizes=\"(max-width: 400px) 100vw, 400px\" title=\"Smiles\" \/>          \n\t        <\/div>\n                <div class=\"team-desc\">\n            <h3>JOHN SMITH<\/h3>\n            <p class=\"lead\">Project Manager<\/p>            <div class=\"small-border\"><\/div>\n            <p>Duis aute irure dolor in reprehenderit in voluptate velit esse cillum dolore eu fugiat nulla pariatur.<\/p>            <div class=\"social\">\n                <a href=\"#\" target=\"_blank\"><i class=\"fa fa-facebook fa-lg\"><\/i><\/a>                <a href=\"#\" target=\"_blank\"><i class=\"fa fa-twitter fa-lg\"><\/i><\/a>                <a href=\"#\" target=\"_blank\"><i class=\"fa fa-skype fa-lg\"><\/i><\/a>                            <\/div>\n        <\/div>\n    <\/div>\n    <!-- team close -->\n\n\n\t<!-- Element: OT Our Team --> \t \n    <!-- team member -->\n    <div class=\"de-team-list team-box wow fadeInUp\">\n    \t\t        <div class=\"team-pic\">\n\t        \t<img width=\"400\" height=\"400\" src=\"https:\/\/fl.com.bo\/wp-content\/uploads\/2017\/06\/team_pic_2.jpg\" class=\"img-responsive\" alt=\"\" loading=\"lazy\" srcset=\"https:\/\/fl.com.bo\/wp-content\/uploads\/2017\/06\/team_pic_2.jpg 400w, https:\/\/fl.com.bo\/wp-content\/uploads\/2017\/06\/team_pic_2-300x300.jpg 300w, https:\/\/fl.com.bo\/wp-content\/uploads\/2017\/06\/team_pic_2-150x150.jpg 150w\" sizes=\"(max-width: 400px) 100vw, 400px\" title=\"team_pic_2\" \/>          \n\t        <\/div>\n                <div class=\"team-desc\">\n            <h3>Michael Dennis<\/h3>\n            <p class=\"lead\">Creative Director<\/p>            <div class=\"small-border\"><\/div>\n            <p>Duis aute irure dolor in reprehenderit in voluptate velit esse cillum dolore eu fugiat nulla pariatur.<\/p>            <div class=\"social\">\n                <a href=\"#\" target=\"_blank\"><i class=\"fa fa-google-plus fa-lg\"><\/i><\/a>                <a href=\"#\" target=\"_blank\"><i class=\"fa fa-facebook fa-lg\"><\/i><\/a>                <a href=\"#\" target=\"_blank\"><i class=\"fa fa-skype fa-lg\"><\/i><\/a>                            <\/div>\n        <\/div>\n    <\/div>\n    <!-- team close -->\n\n\n\t<!-- Element: OT Our Team --> \t \n    <!-- team member -->\n    <div class=\"de-team-list team-box wow fadeInUp\">\n    \t\t        <div class=\"team-pic\">\n\t        \t<img width=\"400\" height=\"400\" src=\"https:\/\/fl.com.bo\/wp-content\/uploads\/2017\/06\/team_pic_3.jpg\" class=\"img-responsive\" alt=\"\" loading=\"lazy\" srcset=\"https:\/\/fl.com.bo\/wp-content\/uploads\/2017\/06\/team_pic_3.jpg 400w, https:\/\/fl.com.bo\/wp-content\/uploads\/2017\/06\/team_pic_3-300x300.jpg 300w, https:\/\/fl.com.bo\/wp-content\/uploads\/2017\/06\/team_pic_3-150x150.jpg 150w\" sizes=\"(max-width: 400px) 100vw, 400px\" title=\"Smiles\" \/>          \n\t        <\/div>\n                <div class=\"team-desc\">\n            <h3>Sarah Michelle<\/h3>\n            <p class=\"lead\">Creative Staff<\/p>            <div class=\"small-border\"><\/div>\n            <p>Duis aute irure dolor in reprehenderit in voluptate velit esse cillum dolore eu fugiat nulla pariatur.<\/p>            <div class=\"social\">\n                <a href=\"#\" target=\"_blank\"><i class=\"fa fa-facebook fa-lg\"><\/i><\/a>                <a href=\"#\" target=\"_blank\"><i class=\"fa fa-twitter fa-lg\"><\/i><\/a>                <a href=\"#\" target=\"_blank\"><i class=\"fa fa-skype fa-lg\"><\/i><\/a>                            <\/div>\n        <\/div>\n    <\/div>\n    <!-- team close -->\n\n\n\t<!-- Element: OT Our Team --> \t \n    <!-- team member -->\n    <div class=\"de-team-list team-box wow fadeInUp\">\n    \t\t        <div class=\"team-pic\">\n\t        \t<img width=\"400\" height=\"400\" src=\"https:\/\/fl.com.bo\/wp-content\/uploads\/2017\/06\/team_pic_4.jpg\" class=\"img-responsive\" alt=\"\" loading=\"lazy\" srcset=\"https:\/\/fl.com.bo\/wp-content\/uploads\/2017\/06\/team_pic_4.jpg 400w, https:\/\/fl.com.bo\/wp-content\/uploads\/2017\/06\/team_pic_4-300x300.jpg 300w, https:\/\/fl.com.bo\/wp-content\/uploads\/2017\/06\/team_pic_4-150x150.jpg 150w\" sizes=\"(max-width: 400px) 100vw, 400px\" title=\"Smiles\" \/>          \n\t        <\/div>\n                <div class=\"team-desc\">\n            <h3>Katty Wilson<\/h3>\n            <p class=\"lead\">Project Manager<\/p>            <div class=\"small-border\"><\/div>\n            <p>Duis aute irure dolor in reprehenderit in voluptate velit esse cillum dolore eu fugiat nulla pariatur.<\/p>            <div class=\"social\">\n                <a href=\"#\" target=\"_blank\"><i class=\"fa fa-facebook fa-lg\"><\/i><\/a>                <a href=\"#\" target=\"_blank\"><i class=\"fa fa-twitter fa-lg\"><\/i><\/a>                <a href=\"#\" target=\"_blank\"><i class=\"fa fa-skype fa-lg\"><\/i><\/a>                            <\/div>\n        <\/div>\n    <\/div>\n    <!-- team close -->\n\n[\/vc_column][\/vc_row][vc_row disable_element=&#8221;yes&#8221; css=&#8221;.vc_custom_1672463323854{padding-top: 90px !important;padding-bottom: 90px !important;background-image: url(http:\/\/fl.com.bo\/wp-content\/uploads\/2017\/05\/bg-3.jpg?id=684) !important;background-position: center !important;background-repeat: no-repeat !important;background-size: cover !important;}&#8221; el_class=&#8221;bg-fixed&#8221;][vc_column animate=&#8221;fadeinup&#8221;]\n\t<!-- Element: OT Heading --> \t \n\t<h1 class=\"ot_custom_heading  \" style=\"text-align: center;color: #ffffff;\" >Customer Says<\/h1>\t\n\t<!-- Element: OT Line solid --> \t \n\t<div class=\" separator \"><span><i class=\"fa fa-circle\"><\/i><\/span><\/div>\n\t<div class=\"spacer-single\"><\/div>\t      \n[\/vc_column][vc_column]\t<!-- Element: OT Testimonial Silder -->\t\n\t<div class=\"testimonial__carousel de_carousel wow fadeInUp\" data-wow-delay=\".3s\" data-visible=\"2\" data-autoplay=\"false\" data-autoheight=\"false\" data-speed=\"200\" data-navspeed=\"800\" data-rewinspeed=\"1000\">\n\t        <div class=\"col-md-12 item\">\n            <div class=\"de_testi\">\n                <blockquote>\n                    <p>I have very much enjoyed with your services. Lorem ipsum dolor sit amet, consectetur adipisicing elit, sed do eiusmod tempor incididunt ut labore et dolore magna aliqua. Ut enim ad minim veniam, quis nostrud exercitation ullamco laboris nisi ut aliquip.<\/p>\n                    <div class=\"de_testi_by no-margin\">\n\n                    \t\n\t\t\t\t\t\t<div >\n                        \tJames, Customer                        <\/div>\n\n                    <\/div>\n                <\/blockquote>\n            <\/div>\n        <\/div>\n                <div class=\"col-md-12 item\">\n            <div class=\"de_testi\">\n                <blockquote>\n                    <p>I totally recommend your services. Lorem ipsum dolor sit amet, consectetur adipisicing elit, sed do eiusmod tempor incididunt ut labore et dolore magna aliqua. Ut enim ad minim veniam, quis nostrud exercitation ullamco laboris nisi ut aliquip.<\/p>\n                    <div class=\"de_testi_by no-margin\">\n\n                    \t\n\t\t\t\t\t\t<div >\n                        \tPatrick, Customer                        <\/div>\n\n                    <\/div>\n                <\/blockquote>\n            <\/div>\n        <\/div>\n                <div class=\"col-md-12 item\">\n            <div class=\"de_testi\">\n                <blockquote>\n                    <p>I have very much enjoyed with your services. Lorem ipsum dolor sit amet, consectetur adipisicing elit, sed do eiusmod tempor incididunt ut labore et dolore magna aliqua. Ut enim ad minim veniam, quis nostrud exercitation ullamco laboris nisi ut aliquip.<\/p>\n                    <div class=\"de_testi_by no-margin\">\n\n                    \t\n\t\t\t\t\t\t<div >\n                        \tMichael, Customer                        <\/div>\n\n                    <\/div>\n                <\/blockquote>\n            <\/div>\n        <\/div>\n                <div class=\"col-md-12 item\">\n            <div class=\"de_testi\">\n                <blockquote>\n                    <p>I&#8217;m always impressed with the services. Lorem ipsum dolor sit amet, consectetur adipisicing elit, sed do eiusmod tempor incididunt ut labore et dolore magna aliqua. Ut enim ad minim veniam, quis nostrud exercitation ullamco laboris nisi ut aliquip.<\/p>\n                    <div class=\"de_testi_by no-margin\">\n\n                    \t\n\t\t\t\t\t\t<div >\n                        \tJohn, Customer                        <\/div>\n\n                    <\/div>\n                <\/blockquote>\n            <\/div>\n        <\/div>\n            <\/div>\n\n[\/vc_column][\/vc_row][vc_row fullwidth=&#8221;yes&#8221; css=&#8221;.vc_custom_1442204650520{padding-top: 60px !important;padding-bottom: 60px !important;}&#8221; el_class=&#8221;call-to-action bg-color text-center&#8221;][vc_column]\t\t\t\n\t<!-- Element: OT Button --> \n\t\t\t<a href=\"http:\/\/fl.com.bo\/index.php\/contacto\/\" target=\"_self\" class=\"btn btn-line-black btn-big  \">Cont\u00e1ctenos para m\u00e1s informaci\u00f3n<\/a>\n\t    \n[\/vc_column][\/vc_row]<\/p>\n","protected":false},"excerpt":{"rendered":"<p>[vc_row fullwidth=&#8221;yes&#8221; css=&#8221;.vc_custom_1474447060420{background-position: 0 0 !important;background-repeat: no-repeat !important;}&#8221; el_class=&#8221;side-bg no-padding&#8221;][vc_column][\/vc_column][\/vc_row][vc_row disable_element=&#8221;yes&#8221; css=&#8221;.vc_custom_1672463313150{padding-top: 90px !important;padding-bottom: 90px !important;background-color: #111111 !important;}&#8221;][vc_column animate=&#8221;fadeinup&#8221; el_class=&#8221;container-4&#8243;][\/vc_column][\/vc_row][vc_row disable_element=&#8221;yes&#8221; css=&#8221;.vc_custom_1672463323854{padding-top: 90px !important;padding-bottom: 90px !important;background-image: url(http:\/\/fl.com.bo\/wp-content\/uploads\/2017\/05\/bg-3.jpg?id=684) !important;background-position: center !important;background-repeat: no-repeat !important;background-size: cover !important;}&#8221; el_class=&#8221;bg-fixed&#8221;][vc_column animate=&#8221;fadeinup&#8221;][\/vc_column][vc_column][\/vc_column][\/vc_row][vc_row fullwidth=&#8221;yes&#8221; css=&#8221;.vc_custom_1442204650520{padding-top: 60px !important;padding-bottom: 60px !important;}&#8221; el_class=&#8221;call-to-action bg-color text-center&#8221;][vc_column][\/vc_column][\/vc_row]<\/p>\n","protected":false},"author":1,"featured_media":0,"parent":0,"menu_order":0,"comment_status":"closed","ping_status":"closed","template":"page-templates\/template-fullwidth.php","meta":[],"_links":{"self":[{"href":"https:\/\/fl.com.bo\/index.php\/wp-json\/wp\/v2\/pages\/732"}],"collection":[{"href":"https:\/\/fl.com.bo\/index.php\/wp-json\/wp\/v2\/pages"}],"about":[{"href":"https:\/\/fl.com.bo\/index.php\/wp-json\/wp\/v2\/types\/page"}],"author":[{"embeddable":true,"href":"https:\/\/fl.com.bo\/index.php\/wp-json\/wp\/v2\/users\/1"}],"replies":[{"embeddable":true,"href":"https:\/\/fl.com.bo\/index.php\/wp-json\/wp\/v2\/comments?post=732"}],"version-history":[{"count":9,"href":"https:\/\/fl.com.bo\/index.php\/wp-json\/wp\/v2\/pages\/732\/revisions"}],"predecessor-version":[{"id":977,"href":"https:\/\/fl.com.bo\/index.php\/wp-json\/wp\/v2\/pages\/732\/revisions\/977"}],"wp:attachment":[{"href":"https:\/\/fl.com.bo\/index.php\/wp-json\/wp\/v2\/media?parent=732"}],"curies":[{"name":"wp","href":"https:\/\/api.w.org\/{rel}","templated":true}]}}